{"id":277,"date":"2025-03-11T16:29:25","date_gmt":"2025-03-11T16:29:25","guid":{"rendered":"https:\/\/www.ranch201.com\/?page_id=277"},"modified":"2025-07-13T13:07:23","modified_gmt":"2025-07-13T13:07:23","slug":"our-ranch","status":"publish","type":"page","link":"https:\/\/www.ranch201.com\/hr\/our-ranch\/","title":{"rendered":"Na\u0161 Ran\u010d"},"content":{"rendered":"<div data-elementor-type=\"wp-page\" data-elementor-id=\"277\" class=\"elementor elementor-277\">\n\t\t\t\t<div class=\"elementor-element elementor-element-e898173 e-flex e-con-boxed wpr-particle-no wpr-jarallax-no wpr-parallax-no wpr-sticky-section-no e-con e-parent\" data-id=\"e898173\" data-element_type=\"container\" data-settings=\"{&quot;background_background&quot;:&quot;classic&quot;}\">\n\t\t\t\t\t<div class=\"e-con-inner\">\n\t\t\t\t<div class=\"elementor-element elementor-element-0e8dc8f elementor-widget-divider--separator-type-pattern elementor-widget-divider--view-line elementor-widget elementor-widget-divider\" data-id=\"0e8dc8f\" data-element_type=\"widget\" data-widget_type=\"divider.default\">\n\t\t\t\t<div class=\"elementor-widget-container\">\n\t\t\t\t\t\t\t<div class=\"elementor-divider\" style=\"--divider-pattern-url: url(&quot;data:image\/svg+xml,%3Csvg xmlns=&#039;http:\/\/www.w3.org\/2000\/svg&#039; preserveAspectRatio=&#039;none&#039; overflow=&#039;visible&#039; height=&#039;100%&#039; viewBox=&#039;0 0 24 24&#039; fill=&#039;black&#039; stroke=&#039;none&#039;%3E%3Cpolygon points=&#039;9.4,2 24,2 14.6,21.6 0,21.6&#039;\/%3E%3C\/svg%3E&quot;);\">\n\t\t\t<span class=\"elementor-divider-separator\">\n\t\t\t\t\t\t<\/span>\n\t\t<\/div>\n\t\t\t\t\t\t<\/div>\n\t\t\t\t<\/div>\n\t\t\t\t<div class=\"elementor-element elementor-element-4f92b35 elementor-widget elementor-widget-heading\" data-id=\"4f92b35\" data-element_type=\"widget\" data-widget_type=\"heading.default\">\n\t\t\t\t<div class=\"elementor-widget-container\">\n\t\t\t\t\t<h2 class=\"elementor-heading-title elementor-size-default\">Na\u0161 Ran\u010d<\/h2>\t\t\t\t<\/div>\n\t\t\t\t<\/div>\n\t\t\t\t\t<\/div>\n\t\t\t\t<\/div>\n\t\t<div class=\"elementor-element elementor-element-786a5342 e-flex e-con-boxed wpr-particle-no wpr-jarallax-no wpr-parallax-no wpr-sticky-section-no e-con e-parent\" data-id=\"786a5342\" data-element_type=\"container\">\n\t\t\t\t\t<div class=\"e-con-inner\">\n\t\t<div class=\"elementor-element elementor-element-4742934e e-con-full elementor-hidden-tablet elementor-hidden-mobile e-flex wpr-particle-no wpr-jarallax-no wpr-parallax-no wpr-sticky-section-no e-con e-child\" data-id=\"4742934e\" data-element_type=\"container\">\n\t\t\t\t<div class=\"elementor-element elementor-element-285c07c4 elementor-widget elementor-widget-image\" data-id=\"285c07c4\" data-element_type=\"widget\" data-widget_type=\"image.default\">\n\t\t\t\t<div class=\"elementor-widget-container\">\n\t\t\t\t\t\t\t\t\t\t\t\t\t\t\t<img fetchpriority=\"high\" decoding=\"async\" width=\"1773\" height=\"2048\" src=\"https:\/\/www.ranch201.com\/wp-content\/uploads\/2025\/04\/sara-our-ranch-1-1773x2048.jpg\" class=\"attachment-2048x2048 size-2048x2048 wp-image-653\" alt=\"\" srcset=\"https:\/\/www.ranch201.com\/wp-content\/uploads\/2025\/04\/sara-our-ranch-1-1773x2048.jpg 1773w, https:\/\/www.ranch201.com\/wp-content\/uploads\/2025\/04\/sara-our-ranch-1-260x300.jpg 260w, https:\/\/www.ranch201.com\/wp-content\/uploads\/2025\/04\/sara-our-ranch-1-887x1024.jpg 887w, https:\/\/www.ranch201.com\/wp-content\/uploads\/2025\/04\/sara-our-ranch-1-768x887.jpg 768w, https:\/\/www.ranch201.com\/wp-content\/uploads\/2025\/04\/sara-our-ranch-1-1330x1536.jpg 1330w, https:\/\/www.ranch201.com\/wp-content\/uploads\/2025\/04\/sara-our-ranch-1.jpg 1870w\" sizes=\"(max-width: 1773px) 100vw, 1773px\" \/>\t\t\t\t\t\t\t\t\t\t\t\t\t\t\t<\/div>\n\t\t\t\t<\/div>\n\t\t\t\t<\/div>\n\t\t<div class=\"elementor-element elementor-element-66adf001 e-flex e-con-boxed wpr-particle-no wpr-jarallax-no wpr-parallax-no wpr-sticky-section-no elementor-invisible e-con e-child\" data-id=\"66adf001\" data-element_type=\"container\" data-settings=\"{&quot;animation&quot;:&quot;fadeIn&quot;}\">\n\t\t\t\t\t<div class=\"e-con-inner\">\n\t\t\t\t<div class=\"elementor-element elementor-element-6b1dcc95 elementor-widget elementor-widget-heading\" data-id=\"6b1dcc95\" data-element_type=\"widget\" data-widget_type=\"heading.default\">\n\t\t\t\t<div class=\"elementor-widget-container\">\n\t\t\t\t\t<h2 class=\"elementor-heading-title elementor-size-default\">Jedna avantura za drugom...<\/h2>\t\t\t\t<\/div>\n\t\t\t\t<\/div>\n\t\t\t\t<div class=\"elementor-element elementor-element-36b43f1a elementor-widget elementor-widget-heading\" data-id=\"36b43f1a\" data-element_type=\"widget\" data-widget_type=\"heading.default\">\n\t\t\t\t<div class=\"elementor-widget-container\">\n\t\t\t\t\t<h2 class=\"elementor-heading-title elementor-size-default\">Pri\u010da iza Ran\u010da 201<\/h2>\t\t\t\t<\/div>\n\t\t\t\t<\/div>\n\t\t\t\t<div class=\"elementor-element elementor-element-47457562 wpr-list-style-none elementor-widget elementor-widget-wpr-posts-timeline\" data-id=\"47457562\" data-element_type=\"widget\" data-settings=\"{&quot;animation_offset&quot;:150,&quot;aos_animation_duration&quot;:600}\" data-widget_type=\"wpr-posts-timeline.default\">\n\t\t\t\t<div class=\"elementor-widget-container\">\n\t\t\t\t\t\n\t\t<div class=\"wpr-wrapper wpr-vertical wpr-one-sided-wrapper\">\n\t\t\t<div class=\"wpr-timeline-centered wpr-line wpr-one-sided-timeline\"><div class=\"wpr-middle-line\"><\/div><div class=\"wpr-timeline-fill\" data-layout=\"one-sided\"><\/div><article class=\"wpr-timeline-entry wpr-right-aligned elementor-repeater-item-f99c16d\" data-item-id=\"elementor-repeater-item-f99c16d\"><time class=\"wpr-extra-label\" data-aos=\"fade\" data-aos-left=\"\" data-aos-right=\"\" data-animation-offset=\"150\" data-animation-duration=\"600\"><span class=\"wpr-label\">2015 - 2016<\/span><\/time><div class=\"wpr-timeline-entry-inner\"><div class=\"wpr-main-line-icon wpr-icon\"><i aria-hidden=\"true\" class=\"fas fa-circle\"><\/i><\/div><div class=\"wpr-story-info-vertical wpr-data-wrap\"  data-aos=\"fade\" data-aos-left=\"\" data-aos-right=\"\" data-animation-offset=\"150\" data-animation-duration=\"600\"><div class=\"wpr-timeline-content-wrapper\"><div class=\"wpr-content-wrapper\"><p class=\"wpr-title-wrap\"><span class=\"wpr-title\">The Dream Begins<\/span><\/p><div class=\"wpr-description\"><p class=\"\" data-start=\"228\" data-end=\"574\">Odmalena sam bila potpuno o\u010darana konjima. Crtala bih ih, slikala, skupljala figurice konja \u2013 \u017eivjeli su u mojoj ma\u0161ti svaki dan. A kad sam s osam godina napokon uspjela zajahati prvog pravog konja, to je bilo ostvarenje sna. Od tog trenutka znao sam da \u0107e konji uvijek biti dio mog \u017eivota.<\/p><p class=\"\" data-start=\"576\" data-end=\"898\">\u00a0<\/p><\/div><\/div><\/div><\/div>\n\t\t\t\t\t\t<\/div>\n\t\t\t\t<\/article><article class=\"wpr-timeline-entry wpr-right-aligned elementor-repeater-item-7733eef\" data-item-id=\"elementor-repeater-item-7733eef\"><time class=\"wpr-extra-label\" data-aos=\"fade\" data-aos-left=\"\" data-aos-right=\"\" data-animation-offset=\"150\" data-animation-duration=\"600\"><span class=\"wpr-label\"> 2016 - 2023<\/span><\/time><div class=\"wpr-timeline-entry-inner\"><div class=\"wpr-main-line-icon wpr-icon\"><i aria-hidden=\"true\" class=\"fas fa-circle\"><\/i><\/div><div class=\"wpr-story-info-vertical wpr-data-wrap\"  data-aos=\"fade\" data-aos-left=\"\" data-aos-right=\"\" data-animation-offset=\"150\" data-animation-duration=\"600\"><div class=\"wpr-timeline-content-wrapper\"><div class=\"wpr-content-wrapper\"><p class=\"wpr-title-wrap\"><span class=\"wpr-title\">Learning, Riding, Growing<\/span><\/p><div class=\"wpr-description\"><p class=\"\" data-start=\"576\" data-end=\"898\">Jahala sam konje kad GOD bi se pru\u017eila prilika, s gu\u0161tom bi ju zgrabila - kad god bi se vrata otvorila, pro\u0161la bih kroz njih. Bez obzira je li to zna\u010dilo \u010di\u0161\u0107enje \u0161tala, vo\u0111enje stazama ili jednostavno gledanje i u\u010denje, bila sam tamo. Bilo mi je svejedno gdje, sve dok sam bila blizu konja. Svaka minuta provedena s njima bila je lekcija, radost i inspiracija.<\/p><p class=\"\" data-start=\"900\" data-end=\"1315\">\u00a0<\/p><\/div><\/div><\/div><\/div>\n\t\t\t\t\t\t<\/div>\n\t\t\t\t<\/article><article class=\"wpr-timeline-entry wpr-right-aligned elementor-repeater-item-8d17f6a\" data-item-id=\"elementor-repeater-item-8d17f6a\"><time class=\"wpr-extra-label\" data-aos=\"fade\" data-aos-left=\"\" data-aos-right=\"\" data-animation-offset=\"150\" data-animation-duration=\"600\"><span class=\"wpr-label\">2023 - NOW!<\/span><\/time><div class=\"wpr-timeline-entry-inner\"><div class=\"wpr-main-line-icon wpr-icon\"><i aria-hidden=\"true\" class=\"fas fa-circle\"><\/i><\/div><div class=\"wpr-story-info-vertical wpr-data-wrap\"  data-aos=\"fade\" data-aos-left=\"\" data-aos-right=\"\" data-animation-offset=\"150\" data-animation-duration=\"600\"><div class=\"wpr-timeline-content-wrapper\"><div class=\"wpr-content-wrapper\"><p class=\"wpr-title-wrap\"><span class=\"wpr-title\">Ranch 201 is BORN<\/span><\/p><div class=\"wpr-description\"><p>Nakon godina sanjanja napokon sam donijela veliku odluku \u2013 zajedno s roditeljima kupili smo mog prvog konja koji je imao broj <strong>201.<\/strong>\u00a0Bio je to jedan od najsretnijih trenutaka u mom \u017eivotu, pravi po\u010detak svega \u0161to sam zami\u0161ljala kao djevoj\u010dica.<br data-start=\"1198\" data-end=\"1201\" \/>Odatle je po\u010dela na\u0161a pri\u010da. Korak po korak, pro\u0161irili smo \u0161talu, primili vi\u0161e konja i izgradili mjesto gdje ljudi i konji zajedno stvaraju uspomene.<\/p><\/div><\/div><\/div><\/div>\n\t\t\t\t\t\t<\/div>\n\t\t\t\t<\/article><\/div>    \n\t\t\t<\/div>\t\t\t\t<\/div>\n\t\t\t\t<\/div>\n\t\t\t\t\t<\/div>\n\t\t\t\t<\/div>\n\t\t<div class=\"elementor-element elementor-element-fce50fa e-con-full elementor-hidden-tablet elementor-hidden-desktop e-flex wpr-particle-no wpr-jarallax-no wpr-parallax-no wpr-sticky-section-no e-con e-child\" data-id=\"fce50fa\" data-element_type=\"container\">\n\t\t\t\t<div class=\"elementor-element elementor-element-30315bc elementor-widget elementor-widget-image\" data-id=\"30315bc\" data-element_type=\"widget\" data-widget_type=\"image.default\">\n\t\t\t\t<div class=\"elementor-widget-container\">\n\t\t\t\t\t\t\t\t\t\t\t\t\t\t\t<img fetchpriority=\"high\" decoding=\"async\" width=\"1773\" height=\"2048\" src=\"https:\/\/www.ranch201.com\/wp-content\/uploads\/2025\/04\/sara-our-ranch-1-1773x2048.jpg\" class=\"attachment-2048x2048 size-2048x2048 wp-image-653\" alt=\"\" srcset=\"https:\/\/www.ranch201.com\/wp-content\/uploads\/2025\/04\/sara-our-ranch-1-1773x2048.jpg 1773w, https:\/\/www.ranch201.com\/wp-content\/uploads\/2025\/04\/sara-our-ranch-1-260x300.jpg 260w, https:\/\/www.ranch201.com\/wp-content\/uploads\/2025\/04\/sara-our-ranch-1-887x1024.jpg 887w, https:\/\/www.ranch201.com\/wp-content\/uploads\/2025\/04\/sara-our-ranch-1-768x887.jpg 768w, https:\/\/www.ranch201.com\/wp-content\/uploads\/2025\/04\/sara-our-ranch-1-1330x1536.jpg 1330w, https:\/\/www.ranch201.com\/wp-content\/uploads\/2025\/04\/sara-our-ranch-1.jpg 1870w\" sizes=\"(max-width: 1773px) 100vw, 1773px\" \/>\t\t\t\t\t\t\t\t\t\t\t\t\t\t\t<\/div>\n\t\t\t\t<\/div>\n\t\t\t\t<\/div>\n\t\t\t\t\t<\/div>\n\t\t\t\t<\/div>\n\t\t<div class=\"elementor-element elementor-element-5f450a9f e-flex e-con-boxed wpr-particle-no wpr-jarallax-no wpr-parallax-no wpr-sticky-section-no e-con e-parent\" data-id=\"5f450a9f\" data-element_type=\"container\" data-settings=\"{&quot;background_background&quot;:&quot;classic&quot;}\">\n\t\t\t\t\t<div class=\"e-con-inner\">\n\t\t\t\t<div class=\"elementor-element elementor-element-239199a5 elementor-widget elementor-widget-heading\" data-id=\"239199a5\" data-element_type=\"widget\" data-widget_type=\"heading.default\">\n\t\t\t\t<div class=\"elementor-widget-container\">\n\t\t\t\t\t<h2 class=\"elementor-heading-title elementor-size-default\">Na\u0161a \u010cetverono\u017ena Obitelj<\/h2>\t\t\t\t<\/div>\n\t\t\t\t<\/div>\n\t\t\t\t<div class=\"elementor-element elementor-element-23ea9caa elementor-widget elementor-widget-heading\" data-id=\"23ea9caa\" data-element_type=\"widget\" data-widget_type=\"heading.default\">\n\t\t\t\t<div class=\"elementor-widget-container\">\n\t\t\t\t\t<h2 class=\"elementor-heading-title elementor-size-default\">Upoznajte Na\u0161e Konje<\/h2>\t\t\t\t<\/div>\n\t\t\t\t<\/div>\n\t\t\t\t<div class=\"elementor-element elementor-element-5a479503 elementor-widget elementor-widget-text-editor\" data-id=\"5a479503\" data-element_type=\"widget\" data-widget_type=\"text-editor.default\">\n\t\t\t\t<div class=\"elementor-widget-container\">\n\t\t\t\t\t\t\t\t\t<p>Bilo da ja\u0161ete prvi put ili ste iskusan jaha\u010d, na\u0161i konji \u0107e se pobrinuti da se osje\u0107ate dobrodo\u0161li, sigurni i povezani s prekrasnom prirodom na\u0161ih staza.<\/p>\t\t\t\t\t\t\t\t<\/div>\n\t\t\t\t<\/div>\n\t\t\t\t\t<\/div>\n\t\t\t\t<\/div>\n\t\t<div class=\"elementor-element elementor-element-537002d3 e-flex e-con-boxed wpr-particle-no wpr-jarallax-no wpr-parallax-no wpr-sticky-section-no e-con e-parent\" data-id=\"537002d3\" data-element_type=\"container\">\n\t\t\t\t\t<div class=\"e-con-inner\">\n\t\t<div class=\"elementor-element elementor-element-a5ddc81 e-flex e-con-boxed wpr-particle-no wpr-jarallax-no wpr-parallax-no wpr-sticky-section-no e-con e-child\" data-id=\"a5ddc81\" data-element_type=\"container\">\n\t\t\t\t\t<div class=\"e-con-inner\">\n\t\t\t\t<div class=\"elementor-element elementor-element-56f98bb8 elementor-invisible elementor-widget elementor-widget-wpr-team-member\" data-id=\"56f98bb8\" data-element_type=\"widget\" data-settings=\"{&quot;_animation&quot;:&quot;slideInUp&quot;}\" data-widget_type=\"wpr-team-member.default\">\n\t\t\t\t<div class=\"elementor-widget-container\">\n\t\t\t\t\t\n\t<div class=\"wpr-team-member\">\n\t\t\t\t\t\n\t\t\t<div class=\"wpr-member-media\">\n\t\t\t\t<div class=\"wpr-member-image\">\n\t\t\t\t\t<img decoding=\"async\" src=\"https:\/\/www.ranch201.com\/wp-content\/uploads\/2025\/04\/Blacky.jpg\" alt=\"Blacky\">\n\t\t\t\t<\/div>\n\t\t\t\t\t\t\t<\/div>\n\t\t\t\t\n\t\t\n\t\t<div class=\"wpr-member-content\">\n\t\t\t<h3 class=\"wpr-member-name\">Blacky<\/h3>\n\t\t\t\n\t\t\t\t\t\t\t<div class=\"wpr-member-job\">Mirni Vo\u0111a<\/div>\n\t\t\t\n\t\t\t\n\t\t\t\t\t\t\n\t\t\t\t\t<\/div>\n\n\t\t\t<\/div>\n\n\t\t\t\t\t<\/div>\n\t\t\t\t<\/div>\n\t\t\t\t<div class=\"elementor-element elementor-element-74acf116 elementor-invisible elementor-widget elementor-widget-wpr-team-member\" data-id=\"74acf116\" data-element_type=\"widget\" data-settings=\"{&quot;_animation&quot;:&quot;slideInUp&quot;}\" data-widget_type=\"wpr-team-member.default\">\n\t\t\t\t<div class=\"elementor-widget-container\">\n\t\t\t\t\t\n\t<div class=\"wpr-team-member\">\n\t\t\t\t\t\n\t\t\t<div class=\"wpr-member-media\">\n\t\t\t\t<div class=\"wpr-member-image\">\n\t\t\t\t\t<img decoding=\"async\" src=\"https:\/\/www.ranch201.com\/wp-content\/uploads\/2025\/04\/Zoro.jpg\" alt=\"Zoro\">\n\t\t\t\t<\/div>\n\t\t\t\t\t\t\t<\/div>\n\t\t\t\t\n\t\t\n\t\t<div class=\"wpr-member-content\">\n\t\t\t<h3 class=\"wpr-member-name\">Zoro<\/h3>\n\t\t\t\n\t\t\t\t\t\t\t<div class=\"wpr-member-job\">Umirovljeni Trka\u010d<\/div>\n\t\t\t\n\t\t\t\n\t\t\t\t\t\t\n\t\t\t\t\t<\/div>\n\n\t\t\t<\/div>\n\n\t\t\t\t\t<\/div>\n\t\t\t\t<\/div>\n\t\t\t\t<div class=\"elementor-element elementor-element-44caa330 elementor-invisible elementor-widget elementor-widget-wpr-team-member\" data-id=\"44caa330\" data-element_type=\"widget\" data-settings=\"{&quot;_animation&quot;:&quot;slideInUp&quot;}\" data-widget_type=\"wpr-team-member.default\">\n\t\t\t\t<div class=\"elementor-widget-container\">\n\t\t\t\t\t\n\t<div class=\"wpr-team-member\">\n\t\t\t\t\t\n\t\t\t<div class=\"wpr-member-media\">\n\t\t\t\t<div class=\"wpr-member-image\">\n\t\t\t\t\t<img decoding=\"async\" src=\"https:\/\/www.ranch201.com\/wp-content\/uploads\/2025\/04\/Felix.jpg\" alt=\"Brandy\">\n\t\t\t\t<\/div>\n\t\t\t\t\t\t\t<\/div>\n\t\t\t\t\n\t\t\n\t\t<div class=\"wpr-member-content\">\n\t\t\t<h3 class=\"wpr-member-name\">Brandy<\/h3>\n\t\t\t\n\t\t\t\t\t\t\t<div class=\"wpr-member-job\">Nje\u017ena Du\u0161a<\/div>\n\t\t\t\n\t\t\t\n\t\t\t\t\t\t\n\t\t\t\t\t<\/div>\n\n\t\t\t<\/div>\n\n\t\t\t\t\t<\/div>\n\t\t\t\t<\/div>\n\t\t\t\t<div class=\"elementor-element elementor-element-15feb85b elementor-invisible elementor-widget elementor-widget-wpr-team-member\" data-id=\"15feb85b\" data-element_type=\"widget\" data-settings=\"{&quot;_animation&quot;:&quot;slideInUp&quot;}\" data-widget_type=\"wpr-team-member.default\">\n\t\t\t\t<div class=\"elementor-widget-container\">\n\t\t\t\t\t\n\t<div class=\"wpr-team-member\">\n\t\t\t\t\t\n\t\t\t<div class=\"wpr-member-media\">\n\t\t\t\t<div class=\"wpr-member-image\">\n\t\t\t\t\t<img decoding=\"async\" src=\"https:\/\/www.ranch201.com\/wp-content\/uploads\/2025\/04\/Brandy.jpg\" alt=\"Felix\">\n\t\t\t\t<\/div>\n\t\t\t\t\t\t\t<\/div>\n\t\t\t\t\n\t\t\n\t\t<div class=\"wpr-member-content\">\n\t\t\t<h3 class=\"wpr-member-name\">Felix<\/h3>\n\t\t\t\n\t\t\t\t\t\t\t<div class=\"wpr-member-job\">Uvijek Razigran<\/div>\n\t\t\t\n\t\t\t\n\t\t\t\t\t\t\n\t\t\t\t\t<\/div>\n\n\t\t\t<\/div>\n\n\t\t\t\t\t<\/div>\n\t\t\t\t<\/div>\n\t\t\t\t\t<\/div>\n\t\t\t\t<\/div>\n\t\t\t\t\t<\/div>\n\t\t\t\t<\/div>\n\t\t\t\t<\/div>","protected":false},"excerpt":{"rendered":"<p>Our Ranch One ride at a time&#8230; The Story Behind Ranch 201 2015 &#8211; 2016 The Dream Begins Ever since I was a child, I was completely enchanted by horses. I would draw them, paint them, collect horse figurines \u2013 they lived in my imagination every single day. And when I finally got to ride a real horse at the age of eight, it was a dream come true. From that moment on, I knew horses would always be a part of my life. \u00a0 2016 &#8211; 2023 Learning, Riding, Growing I rode horses wherever I could \u2013 whenever a door opened, I walked through it. Whether it meant cleaning stables, leading trail rides, or simply watching and learning, I was there. I didn\u2019t care where, as long as I was close to horses. Every minute spent with them was a lesson, a joy, and an inspiration. \u00a0 2023 &#8211; NOW! Ranch 201 is BORN After years of dreaming I finally made the big decision \u2013 together with my parents, we bought my first horse that held the number 201.\u00a0It was one of the happiest moments of my life, the true beginning of everything I had imagined as a little girl.From there, our story began. Step by step, we expanded the stable, welcomed more horses, and built a place where people and horses create memories together. Our Four-Legged Family Meet Our Horses Whether you&#8217;re riding for the first time or you\u2019re an experienced rider, our horses will make you feel welcome, safe, and connected to the beautiful nature around Plitvice. Blacky Calm Leader Zoro Retired Racer Brandy Gentle Soul Felix Always Playful<\/p>","protected":false},"author":1,"featured_media":0,"parent":0,"menu_order":0,"comment_status":"closed","ping_status":"closed","template":"","meta":{"footnotes":""},"class_list":["post-277","page","type-page","status-publish","hentry"],"_links":{"self":[{"href":"https:\/\/www.ranch201.com\/hr\/wp-json\/wp\/v2\/pages\/277","targetHints":{"allow":["GET"]}}],"collection":[{"href":"https:\/\/www.ranch201.com\/hr\/wp-json\/wp\/v2\/pages"}],"about":[{"href":"https:\/\/www.ranch201.com\/hr\/wp-json\/wp\/v2\/types\/page"}],"author":[{"embeddable":true,"href":"https:\/\/www.ranch201.com\/hr\/wp-json\/wp\/v2\/users\/1"}],"replies":[{"embeddable":true,"href":"https:\/\/www.ranch201.com\/hr\/wp-json\/wp\/v2\/comments?post=277"}],"version-history":[{"count":46,"href":"https:\/\/www.ranch201.com\/hr\/wp-json\/wp\/v2\/pages\/277\/revisions"}],"predecessor-version":[{"id":871,"href":"https:\/\/www.ranch201.com\/hr\/wp-json\/wp\/v2\/pages\/277\/revisions\/871"}],"wp:attachment":[{"href":"https:\/\/www.ranch201.com\/hr\/wp-json\/wp\/v2\/media?parent=277"}],"curies":[{"name":"wp","href":"https:\/\/api.w.org\/{rel}","templated":true}]}}